{"id":60,"date":"2018-10-09T14:22:42","date_gmt":"2018-10-09T17:22:42","guid":{"rendered":"http:\/\/ksrauditores.digitonica.com.br\/?page_id=60"},"modified":"2018-10-25T16:53:22","modified_gmt":"2018-10-25T19:53:22","slug":"links","status":"publish","type":"page","link":"https:\/\/ksrauditores.com.br\/index.php\/links\/","title":{"rendered":"Links"},"content":{"rendered":"<p>[et_pb_section bb_built=&#8221;1&#8243; fullwidth=&#8221;on&#8221; specialty=&#8221;off&#8221; next_background_color=&#8221;#000000&#8243;][et_pb_fullwidth_header _builder_version=&#8221;3.16.1&#8243; background_image=&#8221;http:\/\/ksrauditores.digitonica.com.br\/wp-content\/uploads\/2018\/10\/3.jpeg&#8221; \/][\/et_pb_section][et_pb_section bb_built=&#8221;1&#8243; prev_background_color=&#8221;#000000&#8243;][et_pb_row][et_pb_column type=&#8221;1_2&#8243;][et_pb_text _builder_version=&#8221;3.17.1&#8243;]<\/p>\n<h3>Links \u00dateis<\/h3>\n<p>&nbsp;<\/p>\n<ul>\n<li><a href=\"http:\/\/www.cvm.gov.br\/\" target=\"_blank\" rel=\"noopener\">CVM &#8211; Comiss\u00e3o de Valores Mobili\u00e1rios<\/a><\/li>\n<li><a href=\"https:\/\/cfc.org.br\/\" target=\"_blank\" rel=\"noopener\">CFC &#8211; Conselho Federal de Contabilidade<\/a><\/li>\n<li><a href=\"http:\/\/www.crcsc.org.br\/\" target=\"_blank\" rel=\"noopener\">CRCSC &#8211; Conselho Regional de Contabilidade de Santa Catarina<\/a><\/li>\n<li><a href=\"https:\/\/www.debit.com.br\/\" target=\"_blank\" rel=\"noopener\">Debit<\/a><\/li>\n<li><a href=\"https:\/\/www.blumenau.sc.gov.br\/\" target=\"_blank\" rel=\"noopener\">Prefeitura de Blumenau<\/a><\/li>\n<li><a href=\"http:\/\/idg.receita.fazenda.gov.br\/\" target=\"_blank\" rel=\"noopener\">Receita Federal<\/a><\/li>\n<li><a href=\"http:\/\/www.sef.sc.gov.br\/\" target=\"_blank\" rel=\"noopener\">Secret\u00e1ria de Estado da Fazenda &#8211; SC<\/a><\/li>\n<li><a href=\"http:\/\/www.fazenda.gov.br\/orgaos\/coaf\" target=\"_blank\" rel=\"noopener\">COAF<\/a><\/li>\n<li><a href=\"http:\/\/www.ibracon.com.br\/ibracon\/Portugues\/\" target=\"_blank\" rel=\"noopener\">IBRACON<\/a><\/li>\n<li><a href=\"http:\/\/www.cpc.org.br\/CPC\" target=\"_blank\" rel=\"noopener\">CPC<\/a><\/li>\n<li><a href=\"http:\/\/www.fipecafi.org\/\" target=\"_blank\" rel=\"noopener\">FIPECAFI<\/a><\/li>\n<li><a href=\"http:\/\/www.caixa.gov.br\" target=\"_blank\" rel=\"noopener\">CAIXA<\/a><\/li>\n<li><a href=\"http:\/\/www.portalbrasil.net\/indices.htm\" target=\"_blank\" rel=\"noopener\">Portal Brasil<\/a><\/li>\n<li><a href=\"https:\/\/www.abvtex.org.br\/\" target=\"_blank\" rel=\"noopener\">ABVTEX<\/a><\/li>\n<\/ul>\n<p>[\/et_pb_text][\/et_pb_column][et_pb_column type=&#8221;1_2&#8243;][et_pb_text _builder_version=&#8221;3.16.1&#8243; \/][\/et_pb_column][\/et_pb_row][\/et_pb_section]<\/p>\n","protected":false},"excerpt":{"rendered":"<p>[et_pb_section bb_built=&#8221;1&#8243; fullwidth=&#8221;on&#8221; specialty=&#8221;off&#8221; next_background_color=&#8221;#000000&#8243;][et_pb_fullwidth_header _builder_version=&#8221;3.16.1&#8243; background_image=&#8221;http:\/\/ksrauditores.digitonica.com.br\/wp-content\/uploads\/2018\/10\/3.jpeg&#8221; \/][\/et_pb_section][et_pb_section bb_built=&#8221;1&#8243; prev_background_color=&#8221;#000000&#8243;][et_pb_row][et_pb_column type=&#8221;1_2&#8243;][et_pb_text _builder_version=&#8221;3.17.1&#8243;] Links \u00dateis &nbsp; CVM &#8211; Comiss\u00e3o de Valores Mobili\u00e1rios CFC &#8211; Conselho Federal de Contabilidade CRCSC &#8211; Conselho Regional de Contabilidade de Santa Catarina Debit Prefeitura de Blumenau Receita Federal Secret\u00e1ria de Estado da Fazenda &#8211; SC COAF IBRACON CPC FIPECAFI CAIXA Portal [&hellip;]<\/p>\n","protected":false},"author":1,"featured_media":0,"parent":0,"menu_order":0,"comment_status":"closed","ping_status":"closed","template":"","meta":{"_et_pb_use_builder":"on","_et_pb_old_content":""},"_links":{"self":[{"href":"https:\/\/ksrauditores.com.br\/index.php\/wp-json\/wp\/v2\/pages\/60"}],"collection":[{"href":"https:\/\/ksrauditores.com.br\/index.php\/wp-json\/wp\/v2\/pages"}],"about":[{"href":"https:\/\/ksrauditores.com.br\/index.php\/wp-json\/wp\/v2\/types\/page"}],"author":[{"embeddable":true,"href":"https:\/\/ksrauditores.com.br\/index.php\/wp-json\/wp\/v2\/users\/1"}],"replies":[{"embeddable":true,"href":"https:\/\/ksrauditores.com.br\/index.php\/wp-json\/wp\/v2\/comments?post=60"}],"version-history":[{"count":10,"href":"https:\/\/ksrauditores.com.br\/index.php\/wp-json\/wp\/v2\/pages\/60\/revisions"}],"predecessor-version":[{"id":143,"href":"https:\/\/ksrauditores.com.br\/index.php\/wp-json\/wp\/v2\/pages\/60\/revisions\/143"}],"wp:attachment":[{"href":"https:\/\/ksrauditores.com.br\/index.php\/wp-json\/wp\/v2\/media?parent=60"}],"curies":[{"name":"wp","href":"https:\/\/api.w.org\/{rel}","templated":true}]}}