{"id":52,"date":"2018-10-09T14:17:34","date_gmt":"2018-10-09T17:17:34","guid":{"rendered":"http:\/\/ksrauditores.digitonica.com.br\/?page_id=52"},"modified":"2022-07-08T07:51:36","modified_gmt":"2022-07-08T10:51:36","slug":"servicos","status":"publish","type":"page","link":"https:\/\/ksrauditores.com.br\/index.php\/servicos\/","title":{"rendered":"Servi\u00e7os"},"content":{"rendered":"<p>[et_pb_section fb_built=&#8221;1&#8243; fullwidth=&#8221;on&#8221; _builder_version=&#8221;3.22&#8243; bb_built=&#8221;1&#8243; _i=&#8221;0&#8243; _address=&#8221;0&#8243;][et_pb_fullwidth_header _builder_version=&#8221;3.16.1&#8243; background_image=&#8221;http:\/\/ksrauditores.digitonica.com.br\/wp-content\/uploads\/2018\/10\/4.jpeg&#8221; _i=&#8221;0&#8243; _address=&#8221;0.0&#8243;][\/et_pb_fullwidth_header][\/et_pb_section][et_pb_section fb_built=&#8221;1&#8243; _builder_version=&#8221;3.22&#8243; bb_built=&#8221;1&#8243; _i=&#8221;1&#8243; _address=&#8221;1&#8243;][et_pb_row _builder_version=&#8221;3.25&#8243; background_size=&#8221;initial&#8221; background_position=&#8221;top_left&#8221; background_repeat=&#8221;repeat&#8221; _i=&#8221;0&#8243; _address=&#8221;1.0&#8243; column_structure=&#8221;1_2,1_2&#8243;][et_pb_column type=&#8221;1_2&#8243; _builder_version=&#8221;3.25&#8243; custom_padding=&#8221;|||&#8221; _i=&#8221;0&#8243; _address=&#8221;1.0.0&#8243; custom_padding__hover=&#8221;|||&#8221;][et_pb_text admin_label=&#8221;Auditoria&#8221; _builder_version=&#8221;3.17.1&#8243; _i=&#8221;0&#8243; _address=&#8221;1.0.0.0&#8243;]<\/p>\n<h3>Auditoria<\/h3>\n<ul>\n<li>Auditoria de demonstra\u00e7\u00f5es cont\u00e1beis: Parecer e Revis\u00e3o Limitada<\/li>\n<li>Auditoria para fins de aquisi\u00e7\u00e3o<\/li>\n<li>Auditoria de Departamento Pessoal<\/li>\n<li>Terceiriza\u00e7\u00e3o de auditoria interna (outsourcing)<\/li>\n<li>Avalia\u00e7\u00e3o dos controles internos, sua adequa\u00e7\u00e3o e efic\u00e1cia<\/li>\n<li>Assessoramento \u00e0 Administra\u00e7\u00e3o no desempenho de suas fun\u00e7\u00f5es e responsabilidades<\/li>\n<li>Per\u00edcia (assist\u00eancia cont\u00e1bil) no Pa\u00eds e exterior<\/li>\n<li>Laudos e pareceres t\u00e9cnicos<\/li>\n<li>Avalia\u00e7\u00e3o de ativos \u2013 Laudos t\u00e9cnicos<\/li>\n<li>Trabalhos de assegura\u00e7\u00e3o e procedimentos previamente acordados<\/li>\n<li>Operacional<\/li>\n<li>Financeira<\/li>\n<li>Projetos culturais (Lei Rouanet, etc)<\/li>\n<li>Auditoria de processos Compliance (Auditoria Qualidade, Trabalhista, rastreabilidade, etc).<\/li>\n<li>Due diligence<\/li>\n<\/ul>\n<p>[\/et_pb_text][\/et_pb_column][et_pb_column type=&#8221;1_2&#8243; _builder_version=&#8221;3.25&#8243; custom_padding=&#8221;|||&#8221; _i=&#8221;1&#8243; _address=&#8221;1.0.1&#8243; custom_padding__hover=&#8221;|||&#8221;][et_pb_text admin_label=&#8221;Consultoria&#8221; _builder_version=&#8221;3.27.2&#8243; hover_enabled=&#8221;0&#8243; _i=&#8221;0&#8243; _address=&#8221;1.0.1.0&#8243;]<\/p>\n<h3>Consultoria<\/h3>\n<ul>\n<li>Assessoria tribut\u00e1ria<\/li>\n<li>Auditoria de Gest\u00e3o<\/li>\n<li>Reorganiza\u00e7\u00e3o Societ\u00e1ria (Incorpora\u00e7\u00e3o, fus\u00e3o e cis\u00e3o)<\/li>\n<\/ul>\n<p>[\/et_pb_text][\/et_pb_column][\/et_pb_row][et_pb_row _builder_version=&#8221;3.25&#8243; background_size=&#8221;initial&#8221; background_position=&#8221;top_left&#8221; background_repeat=&#8221;repeat&#8221; _i=&#8221;1&#8243; _address=&#8221;1.1&#8243;][et_pb_column type=&#8221;4_4&#8243; _builder_version=&#8221;3.25&#8243; custom_padding=&#8221;|||&#8221; _i=&#8221;0&#8243; _address=&#8221;1.1.0&#8243; custom_padding__hover=&#8221;|||&#8221;][et_pb_text admin_label=&#8221;Credenciamentos&#8221; _builder_version=&#8221;3.17.1&#8243; _i=&#8221;0&#8243; _address=&#8221;1.1.0.0&#8243;]<\/p>\n<h3>Credenciamentos<\/h3>\n<ul>\n<li>CVM \u2013 Comiss\u00e3o de Valores Mobili\u00e1rios<\/li>\n<li>CFC \u2013 Conselho Federal de Contabilidade<\/li>\n<li>CNAI \u2013 Cadastro Nacional de Auditores Independentes<\/li>\n<li>CRCs \u2013 Conselhos Regionais de Contabilidade<\/li>\n<\/ul>\n<p>[\/et_pb_text][\/et_pb_column][\/et_pb_row][\/et_pb_section]<\/p>\n","protected":false},"excerpt":{"rendered":"<p>[et_pb_section fb_built=&#8221;1&#8243; fullwidth=&#8221;on&#8221; _builder_version=&#8221;3.22&#8243; bb_built=&#8221;1&#8243; _i=&#8221;0&#8243; _address=&#8221;0&#8243;][et_pb_fullwidth_header _builder_version=&#8221;3.16.1&#8243; background_image=&#8221;http:\/\/ksrauditores.digitonica.com.br\/wp-content\/uploads\/2018\/10\/4.jpeg&#8221; _i=&#8221;0&#8243; _address=&#8221;0.0&#8243;][\/et_pb_fullwidth_header][\/et_pb_section][et_pb_section fb_built=&#8221;1&#8243; _builder_version=&#8221;3.22&#8243; bb_built=&#8221;1&#8243; _i=&#8221;1&#8243; _address=&#8221;1&#8243;][et_pb_row _builder_version=&#8221;3.25&#8243; background_size=&#8221;initial&#8221; background_position=&#8221;top_left&#8221; background_repeat=&#8221;repeat&#8221; _i=&#8221;0&#8243; _address=&#8221;1.0&#8243; column_structure=&#8221;1_2,1_2&#8243;][et_pb_column type=&#8221;1_2&#8243; _builder_version=&#8221;3.25&#8243; custom_padding=&#8221;|||&#8221; _i=&#8221;0&#8243; _address=&#8221;1.0.0&#8243; custom_padding__hover=&#8221;|||&#8221;][et_pb_text admin_label=&#8221;Auditoria&#8221; _builder_version=&#8221;3.17.1&#8243; _i=&#8221;0&#8243; _address=&#8221;1.0.0.0&#8243;] Auditoria Auditoria de demonstra\u00e7\u00f5es cont\u00e1beis: Parecer e Revis\u00e3o Limitada Auditoria para fins de aquisi\u00e7\u00e3o Auditoria de Departamento Pessoal Terceiriza\u00e7\u00e3o de auditoria interna [&hellip;]<\/p>\n","protected":false},"author":1,"featured_media":0,"parent":0,"menu_order":0,"comment_status":"closed","ping_status":"closed","template":"","meta":{"_et_pb_use_builder":"on","_et_pb_old_content":""},"_links":{"self":[{"href":"https:\/\/ksrauditores.com.br\/index.php\/wp-json\/wp\/v2\/pages\/52"}],"collection":[{"href":"https:\/\/ksrauditores.com.br\/index.php\/wp-json\/wp\/v2\/pages"}],"about":[{"href":"https:\/\/ksrauditores.com.br\/index.php\/wp-json\/wp\/v2\/types\/page"}],"author":[{"embeddable":true,"href":"https:\/\/ksrauditores.com.br\/index.php\/wp-json\/wp\/v2\/users\/1"}],"replies":[{"embeddable":true,"href":"https:\/\/ksrauditores.com.br\/index.php\/wp-json\/wp\/v2\/comments?post=52"}],"version-history":[{"count":7,"href":"https:\/\/ksrauditores.com.br\/index.php\/wp-json\/wp\/v2\/pages\/52\/revisions"}],"predecessor-version":[{"id":202,"href":"https:\/\/ksrauditores.com.br\/index.php\/wp-json\/wp\/v2\/pages\/52\/revisions\/202"}],"wp:attachment":[{"href":"https:\/\/ksrauditores.com.br\/index.php\/wp-json\/wp\/v2\/media?parent=52"}],"curies":[{"name":"wp","href":"https:\/\/api.w.org\/{rel}","templated":true}]}}