{"id":2,"date":"2018-10-09T12:50:54","date_gmt":"2018-10-09T15:50:54","guid":{"rendered":"http:\/\/ksrauditores.digitonica.com.br\/?page_id=2"},"modified":"2021-09-14T16:25:54","modified_gmt":"2021-09-14T19:25:54","slug":"home-page","status":"publish","type":"page","link":"http:\/\/ksrauditores.com.br\/","title":{"rendered":"Home Page"},"content":{"rendered":"<p>[et_pb_section fb_built=&#8221;1&#8243; fullwidth=&#8221;on&#8221; _builder_version=&#8221;3.22&#8243; fb_built=&#8221;1&#8243; bb_built=&#8221;1&#8243; _i=&#8221;0&#8243; _address=&#8221;0&#8243;][et_pb_fullwidth_slider _builder_version=&#8221;3.27.2&#8243; hover_enabled=&#8221;0&#8243; _i=&#8221;0&#8243; _address=&#8221;0.0&#8243;][et_pb_slide button_link=&#8221;http:\/\/ksrauditores.com.br\/index.php\/quem-somos\/&#8221; image=&#8221;http:\/\/ksrauditores.com.br\/wp-content\/uploads\/2021\/09\/25-anos-1.png&#8221; use_bg_overlay=&#8221;off&#8221; use_text_overlay=&#8221;on&#8221; _builder_version=&#8221;3.27.2&#8243; background_color=&#8221;#7EBEC5&#8243; background_image=&#8221;http:\/\/ksrauditores.com.br\/wp-content\/uploads\/2021\/08\/wp7098399-consulting-wallpapers.png&#8221; background_enable_image=&#8221;on&#8221; button_on_hover=&#8221;on&#8221; text_orientation=&#8221;right&#8221; text_shadow_style=&#8221;preset2&#8243; hover_enabled=&#8221;0&#8243; _i=&#8221;0&#8243; _address=&#8221;0.0.0&#8243;]<\/p>\n<h1><strong>KSR a 25 anos prestando servi\u00e7os de auditoria e consultoria com credibilidade aos nossos clientes. Entre em contato, estamos prontos para lhe atender!<\/strong><\/h1>\n<p>[\/et_pb_slide][et_pb_slide use_bg_overlay=&#8221;off&#8221; use_text_overlay=&#8221;on&#8221; _builder_version=&#8221;3.27.2&#8243; background_color=&#8221;#7EBEC5&#8243; background_image=&#8221;http:\/\/ksrauditores.com.br\/wp-content\/uploads\/2021\/08\/wp7098404-consulting-wallpapers.png&#8221; background_enable_image=&#8221;on&#8221; button_on_hover=&#8221;on&#8221; hover_enabled=&#8221;0&#8243; _i=&#8221;1&#8243; _address=&#8221;0.0.1&#8243;]<\/p>\n<h3>A KSR Auditores Independentes oferece todo o apoio de que as organiza\u00e7\u00f5es necessitam para se adequar \u00e0 nova Lei 11.638\/07 e regulamenta\u00e7\u00f5es posteriores, ajudando as empresas a elevar seu n\u00edvel de transpar\u00eancia quanto \u00e0 forma como apresentam suas demonstra\u00e7\u00f5es financeiras.<\/h3>\n<p>[\/et_pb_slide][\/et_pb_fullwidth_slider][\/et_pb_section][et_pb_section fb_built=&#8221;1&#8243; _builder_version=&#8221;3.22&#8243; fb_built=&#8221;1&#8243; bb_built=&#8221;1&#8243; _i=&#8221;1&#8243; _address=&#8221;1&#8243;][et_pb_row _builder_version=&#8221;3.25&#8243; background_size=&#8221;initial&#8221; background_position=&#8221;top_left&#8221; background_repeat=&#8221;repeat&#8221; _i=&#8221;0&#8243; _address=&#8221;1.0&#8243;][et_pb_column type=&#8221;4_4&#8243; _builder_version=&#8221;3.25&#8243; custom_padding=&#8221;|||&#8221; _i=&#8221;0&#8243; _address=&#8221;1.0.0&#8243; custom_padding__hover=&#8221;|||&#8221;][et_pb_text _builder_version=&#8221;3.17.1&#8243; text_font_size=&#8221;16px&#8221; _i=&#8221;0&#8243; _address=&#8221;1.0.0.0&#8243;]A <strong>KSR Auditores Independentes<\/strong> \u00e9 constitu\u00edda por uma equipe multidisciplinar, liderada por dois profissionais com grande viv\u00eancia em auditoria e consultoria, notadamente nos aspectos de auditoria interna e externa das empresas e consultoria. A constitui\u00e7\u00e3o da KSR se deu em setembro de 1996, atrav\u00e9s do processo de terceiriza\u00e7\u00e3o do Departamento de Auditoria Interna em empresa de grande porte.<\/p>\n<p>Nosso enfoque de auditoria objetiva examinar os aspectos mais relevantes do neg\u00f3cio e dos controles mantidos sobre as opera\u00e7\u00f5es. Com base nisto, e na aplica\u00e7\u00e3o de t\u00e9cnicas internacionais de auditoria, formamos nossa opini\u00e3o profissional sobre as opera\u00e7\u00f5es, com a emiss\u00e3o do respectivo memorando contendo as sugest\u00f5es e\/ou recomenda\u00e7\u00f5es que se fizerem necess\u00e1rias. <strong>\u00c9 imperativo para n\u00f3s o sucesso dos nossos trabalhos, portanto, em qualquer trabalho, o mesmo ter\u00e1 obrigatoriamente o acompanhamento de um dos s\u00f3cios da KSR, assegurando independ\u00eancia, confidencialidade e cumprimento dos objetivos.<\/strong><br \/>\n[\/et_pb_text][\/et_pb_column][\/et_pb_row][et_pb_row column_structure=&#8221;1_2,1_2&#8243; _builder_version=&#8221;3.25&#8243; background_size=&#8221;initial&#8221; background_position=&#8221;top_left&#8221; background_repeat=&#8221;repeat&#8221; _i=&#8221;1&#8243; _address=&#8221;1.1&#8243;][et_pb_column type=&#8221;1_2&#8243; _builder_version=&#8221;3.25&#8243; custom_padding=&#8221;|||&#8221; _i=&#8221;0&#8243; _address=&#8221;1.1.0&#8243; custom_padding__hover=&#8221;|||&#8221;][et_pb_testimonial author=&#8221;Elisete Beck&#8221; job_title=&#8221;Diretora Geral da Sociedade &#8221; company_name=&#8221;Dram\u00e1tico Musical Carlos Gomes&#8221; _builder_version=&#8221;3.17.1&#8243; link_option_url=&#8221;http:\/\/ksrauditores.com.br\/wp-content\/uploads\/2018\/10\/Depoimento-Teatro-Carlos-Gomes.pdf&#8221; link_option_url_new_window=&#8221;on&#8221; _i=&#8221;0&#8243; _address=&#8221;1.1.0.0&#8243;]&#8221;A auditoria feita pela KSR Auditores Independentes \u00e9 de suma import\u00e2ncia para a Sociedade Dram\u00e1tico Musical Gomes. Desempenha papel de grande relev\u00e2ncia, ajudando a simplificar as tarefas, servindo de ferramenta de apoio e de car\u00e1ter de preven\u00e7\u00e3o \u00e0 gest\u00e3o, utilizando-se de normas e padr\u00f5es de car\u00e1ter t\u00e9cnico e \u00e9ticos&#8221;<br \/>\n[\/et_pb_testimonial][\/et_pb_column][et_pb_column type=&#8221;1_2&#8243; _builder_version=&#8221;3.25&#8243; custom_padding=&#8221;|||&#8221; _i=&#8221;1&#8243; _address=&#8221;1.1.1&#8243; custom_padding__hover=&#8221;|||&#8221;][et_pb_testimonial author=&#8221;Edmur M. Wolff&#8221; job_title=&#8221;S\u00f3cio e Fundador&#8221; company_name=&#8221;Multibom&#8221; url_new_window=&#8221;on&#8221; _builder_version=&#8221;3.17.1&#8243; link_option_url=&#8221;http:\/\/ksrauditores.com.br\/wp-content\/uploads\/2018\/10\/Depoimento-Multibom.pdf&#8221; _i=&#8221;0&#8243; _address=&#8221;1.1.1.0&#8243;]Recomendamos a empresa KSR Auditores pelo alto desempenho de seus trabalhos, cumprimento de prazos e principalmente, pela responsabilidade e comprometimento com o resultado final, que deles se espera.<\/p>\n<p>Destacamos tamb\u00e9m, o profissionalismo do Sr. Anderson Mafra, que, com grande experiencia na area, habilidades na interpreta\u00e7\u00e3o da legisla\u00e7\u00e3o e normativos cont\u00e1beis, fiscais e societ\u00e1rios, busca sempre oferecer solu\u00e7\u00f5es realistas para nosso neg\u00f3cio. Pessoalmente trata-se de pessoa cordial, \u00e9tica e muito t\u00e9cnica.<\/p>\n<p>\u00c9 pois, um prazer, afirmar que a KSR Auditores, nesse tempo de parceria agregou muito valor ao nosso neg\u00f3cio.<br \/>\n[\/et_pb_testimonial][\/et_pb_column][\/et_pb_row][\/et_pb_section]<\/p>\n","protected":false},"excerpt":{"rendered":"<p>[et_pb_section fb_built=&#8221;1&#8243; fullwidth=&#8221;on&#8221; _builder_version=&#8221;3.22&#8243; fb_built=&#8221;1&#8243; bb_built=&#8221;1&#8243; _i=&#8221;0&#8243; _address=&#8221;0&#8243;][et_pb_fullwidth_slider _builder_version=&#8221;3.27.2&#8243; hover_enabled=&#8221;0&#8243; _i=&#8221;0&#8243; _address=&#8221;0.0&#8243;][et_pb_slide button_link=&#8221;http:\/\/ksrauditores.com.br\/index.php\/quem-somos\/&#8221; image=&#8221;http:\/\/ksrauditores.com.br\/wp-content\/uploads\/2021\/09\/25-anos-1.png&#8221; use_bg_overlay=&#8221;off&#8221; use_text_overlay=&#8221;on&#8221; _builder_version=&#8221;3.27.2&#8243; background_color=&#8221;#7EBEC5&#8243; background_image=&#8221;http:\/\/ksrauditores.com.br\/wp-content\/uploads\/2021\/08\/wp7098399-consulting-wallpapers.png&#8221; background_enable_image=&#8221;on&#8221; button_on_hover=&#8221;on&#8221; text_orientation=&#8221;right&#8221; text_shadow_style=&#8221;preset2&#8243; hover_enabled=&#8221;0&#8243; _i=&#8221;0&#8243; _address=&#8221;0.0.0&#8243;] KSR a 25 anos prestando servi\u00e7os de auditoria e consultoria com credibilidade aos nossos clientes. Entre em contato, estamos prontos para lhe atender! [\/et_pb_slide][et_pb_slide use_bg_overlay=&#8221;off&#8221; use_text_overlay=&#8221;on&#8221; _builder_version=&#8221;3.27.2&#8243; background_color=&#8221;#7EBEC5&#8243; background_image=&#8221;http:\/\/ksrauditores.com.br\/wp-content\/uploads\/2021\/08\/wp7098404-consulting-wallpapers.png&#8221; [&hellip;]<\/p>\n","protected":false},"author":1,"featured_media":0,"parent":0,"menu_order":0,"comment_status":"closed","ping_status":"closed","template":"","meta":{"_et_pb_use_builder":"on","_et_pb_old_content":"<p>This is an example page. It's different from a blog post because it will stay in one place and will show up in your site navigation (in most themes). Most people start with an About page that introduces them to potential site visitors. It might say something like this:<\/p><blockquote><p>Hi there! I'm a bike messenger by day, aspiring actor by night, and this is my website. I live in Los Angeles, have a great dog named Jack, and I like pi\u00f1a coladas. (And gettin' caught in the rain.)<\/p><\/blockquote><p>...or something like this:<\/p><blockquote><p>The XYZ Doohickey Company was founded in 1971, and has been providing quality doohickeys to the public ever since. Located in Gotham City, XYZ employs over 2,000 people and does all kinds of awesome things for the Gotham community.<\/p><\/blockquote><p>As a new WordPress user, you should go to <a href=\"http:\/\/ksrauditores.digitonica.com.br\/wp-admin\/\">your dashboard<\/a> to delete this page and create new pages for your content. Have fun!<\/p>"},"_links":{"self":[{"href":"http:\/\/ksrauditores.com.br\/index.php\/wp-json\/wp\/v2\/pages\/2"}],"collection":[{"href":"http:\/\/ksrauditores.com.br\/index.php\/wp-json\/wp\/v2\/pages"}],"about":[{"href":"http:\/\/ksrauditores.com.br\/index.php\/wp-json\/wp\/v2\/types\/page"}],"author":[{"embeddable":true,"href":"http:\/\/ksrauditores.com.br\/index.php\/wp-json\/wp\/v2\/users\/1"}],"replies":[{"embeddable":true,"href":"http:\/\/ksrauditores.com.br\/index.php\/wp-json\/wp\/v2\/comments?post=2"}],"version-history":[{"count":27,"href":"http:\/\/ksrauditores.com.br\/index.php\/wp-json\/wp\/v2\/pages\/2\/revisions"}],"predecessor-version":[{"id":199,"href":"http:\/\/ksrauditores.com.br\/index.php\/wp-json\/wp\/v2\/pages\/2\/revisions\/199"}],"wp:attachment":[{"href":"http:\/\/ksrauditores.com.br\/index.php\/wp-json\/wp\/v2\/media?parent=2"}],"curies":[{"name":"wp","href":"https:\/\/api.w.org\/{rel}","templated":true}]}}